{"id":14,"date":"2025-06-30T15:20:08","date_gmt":"2025-06-30T13:20:08","guid":{"rendered":"http:\/\/castel-sant-angelo.com\/?page_id=14"},"modified":"2025-06-30T15:20:08","modified_gmt":"2025-06-30T13:20:08","slug":"imprint","status":"publish","type":"page","link":"https:\/\/www.castel-sant-angelo.com\/fr\/imprint\/","title":{"rendered":"Mentions l\u00e9gales"},"content":{"rendered":"<p>Patrick K\u00fchne<br>Kolpingstr. 12<br>04416 Markkleeberg<\/p>\n\n\n\n<h2 class=\"wp-block-heading\">Contact<\/h2>\n\n\n\n<p>Courrier \u00e9lectronique : patrick@101places.de.de<\/p>\n\n\n\n<h2 class=\"wp-block-heading\">Num\u00e9ro d'identification de la taxe sur le chiffre d'affaires<\/h2>\n\n\n\n<p>Num\u00e9ro d'identification de la taxe sur le chiffre d'affaires conform\u00e9ment au \u00a7 27 a de la loi sur la taxe sur le chiffre d'affaires :<br>DE251359457<\/p>\n\n\n\n<h2 class=\"wp-block-heading\">R\u00e8glement des litiges de consommation<\/h2>\n\n\n\n<p>Nous ne sommes pas pr\u00eats ou oblig\u00e9s de participer \u00e0 des proc\u00e9dures de r\u00e8glement des litiges devant un organisme de conciliation des consommateurs.<\/p>","protected":false},"excerpt":{"rendered":"<p>Patrick K\u00fchneKolpingstr. 1204416 Markkleeberg Contact E-Mail : patrick@101places.de.de Num\u00e9ro de TVA intracommunautaire conform\u00e9ment au \u00a7 27 a de la loi sur la TVA:DE251359457 R\u00e8glement des litiges de consommation Nous ne sommes pas dispos\u00e9s ou oblig\u00e9s de participer \u00e0 des proc\u00e9dures de r\u00e8glement des litiges devant un organisme de conciliation des consommateurs.<\/p>","protected":false},"author":1,"featured_media":0,"parent":0,"menu_order":0,"comment_status":"closed","ping_status":"closed","template":"","meta":{"footnotes":""},"class_list":["post-14","page","type-page","status-publish"],"aioseo_notices":[],"_links":{"self":[{"href":"https:\/\/www.castel-sant-angelo.com\/fr\/wp-json\/wp\/v2\/pages\/14","targetHints":{"allow":["GET"]}}],"collection":[{"href":"https:\/\/www.castel-sant-angelo.com\/fr\/wp-json\/wp\/v2\/pages"}],"about":[{"href":"https:\/\/www.castel-sant-angelo.com\/fr\/wp-json\/wp\/v2\/types\/page"}],"author":[{"embeddable":true,"href":"https:\/\/www.castel-sant-angelo.com\/fr\/wp-json\/wp\/v2\/users\/1"}],"replies":[{"embeddable":true,"href":"https:\/\/www.castel-sant-angelo.com\/fr\/wp-json\/wp\/v2\/comments?post=14"}],"version-history":[{"count":1,"href":"https:\/\/www.castel-sant-angelo.com\/fr\/wp-json\/wp\/v2\/pages\/14\/revisions"}],"predecessor-version":[{"id":15,"href":"https:\/\/www.castel-sant-angelo.com\/fr\/wp-json\/wp\/v2\/pages\/14\/revisions\/15"}],"wp:attachment":[{"href":"https:\/\/www.castel-sant-angelo.com\/fr\/wp-json\/wp\/v2\/media?parent=14"}],"curies":[{"name":"wp","href":"https:\/\/api.w.org\/{rel}","templated":true}]}}